
{"id":2793,"date":"2024-02-08T14:38:54","date_gmt":"2024-02-08T12:38:54","guid":{"rendered":"https:\/\/www.supermeni.es\/producto\/valdespino-ecologico\/"},"modified":"2024-02-15T13:41:46","modified_gmt":"2024-02-15T11:41:46","slug":"valdespino-ecologico","status":"publish","type":"product","link":"https:\/\/www.supermeni.es\/?product=valdespino-ecologico","title":{"rendered":"VALDESPINO ECOLOGICO"},"content":{"rendered":"","protected":false},"excerpt":{"rendered":"","protected":false},"featured_media":2684,"comment_status":"open","ping_status":"closed","template":"","meta":[],"product_brand":[],"product_cat":[173,172],"product_tag":[],"class_list":{"0":"post-2793","1":"product","2":"type-product","3":"status-publish","4":"has-post-thumbnail","6":"product_cat-generosos","7":"product_cat-vinos","9":"first","10":"instock","11":"taxable","12":"shipping-taxable","13":"purchasable","14":"product-type-simple"},"yoast_head":"<!-- This site is optimized with the Yoast SEO plugin v26.4 - https:\/\/yoast.com\/wordpress\/plugins\/seo\/ -->\n<title>VALDESPINO ECOLOGICO - Supermercado Meni Licorer\u00eda<\/title>\n<meta name=\"robots\" content=\"index, follow, max-snippet:-1, max-image-preview:large, max-video-preview:-1\" \/>\n<link rel=\"canonical\" href=\"https:\/\/www.supermeni.es\/?product=valdespino-ecologico\" \/>\n<meta property=\"og:locale\" content=\"es_ES\" \/>\n<meta property=\"og:type\" content=\"article\" \/>\n<meta property=\"og:title\" content=\"VALDESPINO ECOLOGICO - Supermercado Meni Licorer\u00eda\" \/>\n<meta property=\"og:url\" content=\"https:\/\/www.supermeni.es\/?product=valdespino-ecologico\" \/>\n<meta property=\"og:site_name\" content=\"Supermercado Meni Licorer\u00eda\" \/>\n<meta property=\"article:modified_time\" content=\"2024-02-15T11:41:46+00:00\" \/>\n<meta property=\"og:image\" content=\"http:\/\/www.supermeni.es\/wp-content\/uploads\/2024\/02\/VALDESPINO-ECOLOGICO.jpg\" \/>\n\t<meta property=\"og:image:width\" content=\"420\" \/>\n\t<meta property=\"og:image:height\" content=\"235\" \/>\n\t<meta property=\"og:image:type\" content=\"image\/jpeg\" \/>\n<meta name=\"twitter:card\" content=\"summary_large_image\" \/>\n<script type=\"application\/ld+json\" class=\"yoast-schema-graph\">{\"@context\":\"https:\/\/schema.org\",\"@graph\":[{\"@type\":\"WebPage\",\"@id\":\"https:\/\/www.supermeni.es\/?product=valdespino-ecologico\",\"url\":\"https:\/\/www.supermeni.es\/?product=valdespino-ecologico\",\"name\":\"VALDESPINO ECOLOGICO - Supermercado Meni Licorer\u00eda\",\"isPartOf\":{\"@id\":\"https:\/\/www.supermeni.es\/#website\"},\"primaryImageOfPage\":{\"@id\":\"https:\/\/www.supermeni.es\/?product=valdespino-ecologico#primaryimage\"},\"image\":{\"@id\":\"https:\/\/www.supermeni.es\/?product=valdespino-ecologico#primaryimage\"},\"thumbnailUrl\":\"https:\/\/www.supermeni.es\/wp-content\/uploads\/2024\/02\/VALDESPINO-ECOLOGICO.jpg\",\"datePublished\":\"2024-02-08T12:38:54+00:00\",\"dateModified\":\"2024-02-15T11:41:46+00:00\",\"breadcrumb\":{\"@id\":\"https:\/\/www.supermeni.es\/?product=valdespino-ecologico#breadcrumb\"},\"inLanguage\":\"es\",\"potentialAction\":[{\"@type\":\"ReadAction\",\"target\":[\"https:\/\/www.supermeni.es\/?product=valdespino-ecologico\"]}]},{\"@type\":\"ImageObject\",\"inLanguage\":\"es\",\"@id\":\"https:\/\/www.supermeni.es\/?product=valdespino-ecologico#primaryimage\",\"url\":\"https:\/\/www.supermeni.es\/wp-content\/uploads\/2024\/02\/VALDESPINO-ECOLOGICO.jpg\",\"contentUrl\":\"https:\/\/www.supermeni.es\/wp-content\/uploads\/2024\/02\/VALDESPINO-ECOLOGICO.jpg\",\"width\":420,\"height\":235,\"caption\":\"VALDESPINO ECOLOGICO\"},{\"@type\":\"BreadcrumbList\",\"@id\":\"https:\/\/www.supermeni.es\/?product=valdespino-ecologico#breadcrumb\",\"itemListElement\":[{\"@type\":\"ListItem\",\"position\":1,\"name\":\"Portada\",\"item\":\"https:\/\/www.supermeni.es\/\"},{\"@type\":\"ListItem\",\"position\":2,\"name\":\"Tienda\",\"item\":\"https:\/\/www.supermeni.es\/?page_id=8\"},{\"@type\":\"ListItem\",\"position\":3,\"name\":\"VALDESPINO ECOLOGICO\"}]},{\"@type\":\"WebSite\",\"@id\":\"https:\/\/www.supermeni.es\/#website\",\"url\":\"https:\/\/www.supermeni.es\/\",\"name\":\"Supermercado Meni Licorer\u00eda\",\"description\":\"Supermercado y licorer\u00eda con mas de 50 a\u00f1os de experiencia.\",\"publisher\":{\"@id\":\"https:\/\/www.supermeni.es\/#organization\"},\"potentialAction\":[{\"@type\":\"SearchAction\",\"target\":{\"@type\":\"EntryPoint\",\"urlTemplate\":\"https:\/\/www.supermeni.es\/?s={search_term_string}\"},\"query-input\":{\"@type\":\"PropertyValueSpecification\",\"valueRequired\":true,\"valueName\":\"search_term_string\"}}],\"inLanguage\":\"es\"},{\"@type\":\"Organization\",\"@id\":\"https:\/\/www.supermeni.es\/#organization\",\"name\":\"Supermercado Meni Licorer\u00eda\",\"url\":\"https:\/\/www.supermeni.es\/\",\"logo\":{\"@type\":\"ImageObject\",\"inLanguage\":\"es\",\"@id\":\"https:\/\/www.supermeni.es\/#\/schema\/logo\/image\/\",\"url\":\"https:\/\/www.supermeni.es\/wp-content\/uploads\/2023\/05\/LOGO.png\",\"contentUrl\":\"https:\/\/www.supermeni.es\/wp-content\/uploads\/2023\/05\/LOGO.png\",\"width\":710,\"height\":351,\"caption\":\"Supermercado Meni Licorer\u00eda\"},\"image\":{\"@id\":\"https:\/\/www.supermeni.es\/#\/schema\/logo\/image\/\"}}]}<\/script>\n<!-- \/ Yoast SEO plugin. -->","yoast_head_json":{"title":"VALDESPINO ECOLOGICO - Supermercado Meni Licorer\u00eda","robots":{"index":"index","follow":"follow","max-snippet":"max-snippet:-1","max-image-preview":"max-image-preview:large","max-video-preview":"max-video-preview:-1"},"canonical":"https:\/\/www.supermeni.es\/?product=valdespino-ecologico","og_locale":"es_ES","og_type":"article","og_title":"VALDESPINO ECOLOGICO - Supermercado Meni Licorer\u00eda","og_url":"https:\/\/www.supermeni.es\/?product=valdespino-ecologico","og_site_name":"Supermercado Meni Licorer\u00eda","article_modified_time":"2024-02-15T11:41:46+00:00","og_image":[{"width":420,"height":235,"url":"http:\/\/www.supermeni.es\/wp-content\/uploads\/2024\/02\/VALDESPINO-ECOLOGICO.jpg","type":"image\/jpeg"}],"twitter_card":"summary_large_image","schema":{"@context":"https:\/\/schema.org","@graph":[{"@type":"WebPage","@id":"https:\/\/www.supermeni.es\/?product=valdespino-ecologico","url":"https:\/\/www.supermeni.es\/?product=valdespino-ecologico","name":"VALDESPINO ECOLOGICO - Supermercado Meni Licorer\u00eda","isPartOf":{"@id":"https:\/\/www.supermeni.es\/#website"},"primaryImageOfPage":{"@id":"https:\/\/www.supermeni.es\/?product=valdespino-ecologico#primaryimage"},"image":{"@id":"https:\/\/www.supermeni.es\/?product=valdespino-ecologico#primaryimage"},"thumbnailUrl":"https:\/\/www.supermeni.es\/wp-content\/uploads\/2024\/02\/VALDESPINO-ECOLOGICO.jpg","datePublished":"2024-02-08T12:38:54+00:00","dateModified":"2024-02-15T11:41:46+00:00","breadcrumb":{"@id":"https:\/\/www.supermeni.es\/?product=valdespino-ecologico#breadcrumb"},"inLanguage":"es","potentialAction":[{"@type":"ReadAction","target":["https:\/\/www.supermeni.es\/?product=valdespino-ecologico"]}]},{"@type":"ImageObject","inLanguage":"es","@id":"https:\/\/www.supermeni.es\/?product=valdespino-ecologico#primaryimage","url":"https:\/\/www.supermeni.es\/wp-content\/uploads\/2024\/02\/VALDESPINO-ECOLOGICO.jpg","contentUrl":"https:\/\/www.supermeni.es\/wp-content\/uploads\/2024\/02\/VALDESPINO-ECOLOGICO.jpg","width":420,"height":235,"caption":"VALDESPINO ECOLOGICO"},{"@type":"BreadcrumbList","@id":"https:\/\/www.supermeni.es\/?product=valdespino-ecologico#breadcrumb","itemListElement":[{"@type":"ListItem","position":1,"name":"Portada","item":"https:\/\/www.supermeni.es\/"},{"@type":"ListItem","position":2,"name":"Tienda","item":"https:\/\/www.supermeni.es\/?page_id=8"},{"@type":"ListItem","position":3,"name":"VALDESPINO ECOLOGICO"}]},{"@type":"WebSite","@id":"https:\/\/www.supermeni.es\/#website","url":"https:\/\/www.supermeni.es\/","name":"Supermercado Meni Licorer\u00eda","description":"Supermercado y licorer\u00eda con mas de 50 a\u00f1os de experiencia.","publisher":{"@id":"https:\/\/www.supermeni.es\/#organization"},"potentialAction":[{"@type":"SearchAction","target":{"@type":"EntryPoint","urlTemplate":"https:\/\/www.supermeni.es\/?s={search_term_string}"},"query-input":{"@type":"PropertyValueSpecification","valueRequired":true,"valueName":"search_term_string"}}],"inLanguage":"es"},{"@type":"Organization","@id":"https:\/\/www.supermeni.es\/#organization","name":"Supermercado Meni Licorer\u00eda","url":"https:\/\/www.supermeni.es\/","logo":{"@type":"ImageObject","inLanguage":"es","@id":"https:\/\/www.supermeni.es\/#\/schema\/logo\/image\/","url":"https:\/\/www.supermeni.es\/wp-content\/uploads\/2023\/05\/LOGO.png","contentUrl":"https:\/\/www.supermeni.es\/wp-content\/uploads\/2023\/05\/LOGO.png","width":710,"height":351,"caption":"Supermercado Meni Licorer\u00eda"},"image":{"@id":"https:\/\/www.supermeni.es\/#\/schema\/logo\/image\/"}}]}},"_links":{"self":[{"href":"https:\/\/www.supermeni.es\/index.php?rest_route=\/wp\/v2\/product\/2793","targetHints":{"allow":["GET"]}}],"collection":[{"href":"https:\/\/www.supermeni.es\/index.php?rest_route=\/wp\/v2\/product"}],"about":[{"href":"https:\/\/www.supermeni.es\/index.php?rest_route=\/wp\/v2\/types\/product"}],"replies":[{"embeddable":true,"href":"https:\/\/www.supermeni.es\/index.php?rest_route=%2Fwp%2Fv2%2Fcomments&post=2793"}],"wp:featuredmedia":[{"embeddable":true,"href":"https:\/\/www.supermeni.es\/index.php?rest_route=\/wp\/v2\/media\/2684"}],"wp:attachment":[{"href":"https:\/\/www.supermeni.es\/index.php?rest_route=%2Fwp%2Fv2%2Fmedia&parent=2793"}],"wp:term":[{"taxonomy":"product_brand","embeddable":true,"href":"https:\/\/www.supermeni.es\/index.php?rest_route=%2Fwp%2Fv2%2Fproduct_brand&post=2793"},{"taxonomy":"product_cat","embeddable":true,"href":"https:\/\/www.supermeni.es\/index.php?rest_route=%2Fwp%2Fv2%2Fproduct_cat&post=2793"},{"taxonomy":"product_tag","embeddable":true,"href":"https:\/\/www.supermeni.es\/index.php?rest_route=%2Fwp%2Fv2%2Fproduct_tag&post=2793"}],"curies":[{"name":"wp","href":"https:\/\/api.w.org\/{rel}","templated":true}]}}