
{"id":9,"date":"2023-05-30T07:38:48","date_gmt":"2023-05-30T07:38:48","guid":{"rendered":"http:\/\/supermeni.test:8080\/cart\/"},"modified":"2023-05-30T07:57:05","modified_gmt":"2023-05-30T07:57:05","slug":"carrito","status":"publish","type":"page","link":"https:\/\/www.supermeni.es\/?page_id=9","title":{"rendered":"Carrito"},"content":{"rendered":"<div class=\"woocommerce\"><div class=\"woocommerce-notices-wrapper\"><\/div><div class=\"woocommerce row row-large row-divided\">\n<div class=\"col large-7 pb-0 cart-auto-refresh\">\n\n\n<form class=\"woocommerce-cart-form\" action=\"https:\/\/www.supermeni.es\/?page_id=9\" method=\"post\">\n<div class=\"cart-wrapper sm-touch-scroll\">\n\n\t\n\t<table class=\"shop_table shop_table_responsive cart woocommerce-cart-form__contents\" cellspacing=\"0\">\n\t\t<thead>\n\t\t\t<tr>\n\t\t\t\t<th scope=\"col\" class=\"product-name\" colspan=\"3\">Producto<\/th>\n\t\t\t\t<th scope=\"col\" class=\"product-price\">Precio<\/th>\n\t\t\t\t<th scope=\"col\" class=\"product-quantity\">Cantidad<\/th>\n\t\t\t\t<th scope=\"col\" class=\"product-subtotal\">Subtotal<\/th>\n\t\t\t<\/tr>\n\t\t<\/thead>\n\t\t<tbody>\n\t\t\t\n\t\t\t\t\t\t\t\t<tr class=\"woocommerce-cart-form__cart-item cart_item\">\n\n\t\t\t\t\t\t<td class=\"product-remove\">\n\t\t\t\t\t\t\t<a role=\"button\" href=\"https:\/\/www.supermeni.es\/?page_id=9&#038;remove_item=6775a0635c302542da2c32aa19d86be0&#038;_wpnonce=9ce4562ce3\" class=\"remove\" aria-label=\"Eliminar VERMOUT VALDESPINO del carrito\" data-product_id=\"2835\" data-product_sku=\"51905\">&times;<\/a>\t\t\t\t\t\t<\/td>\n\n\t\t\t\t\t\t<td class=\"product-thumbnail\">\n\t\t\t\t\t\t<a href=\"https:\/\/www.supermeni.es\/?product=vermout-valdespino\"><img loading=\"lazy\" decoding=\"async\" width=\"300\" height=\"300\" src=\"https:\/\/www.supermeni.es\/wp-content\/uploads\/2024\/02\/VERMOUTH-VALDESPINO-300x300.jpg\" class=\"attachment-woocommerce_thumbnail size-woocommerce_thumbnail\" alt=\"VERMOUTH VALDESPINO\" srcset=\"https:\/\/www.supermeni.es\/wp-content\/uploads\/2024\/02\/VERMOUTH-VALDESPINO-300x300.jpg 300w, https:\/\/www.supermeni.es\/wp-content\/uploads\/2024\/02\/VERMOUTH-VALDESPINO-150x150.jpg 150w, https:\/\/www.supermeni.es\/wp-content\/uploads\/2024\/02\/VERMOUTH-VALDESPINO-100x100.jpg 100w\" sizes=\"auto, (max-width: 300px) 100vw, 300px\" \/><\/a>\t\t\t\t\t\t<\/td>\n\n\t\t\t\t\t\t<td scope=\"row\" role=\"rowheader\" class=\"product-name\" data-title=\"Producto\">\n\t\t\t\t\t\t<a href=\"https:\/\/www.supermeni.es\/?product=vermout-valdespino\">VERMOUT VALDESPINO<\/a>\t\t\t\t\t\t\t<div class=\"show-for-small mobile-product-price\">\n\t\t\t\t\t\t\t\t<span class=\"mobile-product-price__qty\">1 x <\/span>\n\t\t\t\t\t\t\t\t<span class=\"woocommerce-Price-amount amount\"><bdi>14,25<span class=\"woocommerce-Price-currencySymbol\">&euro;<\/span><\/bdi><\/span>\t\t\t\t\t\t\t<\/div>\n\t\t\t\t\t\t<\/td>\n\n\t\t\t\t\t\t<td class=\"product-price\" data-title=\"Precio\">\n\t\t\t\t\t\t\t<span class=\"woocommerce-Price-amount amount\"><bdi>14,25<span class=\"woocommerce-Price-currencySymbol\">&euro;<\/span><\/bdi><\/span>\t\t\t\t\t\t<\/td>\n\n\t\t\t\t\t\t<td class=\"product-quantity\" data-title=\"Cantidad\">\n\t\t\t\t\t\t\t<div class=\"ux-quantity quantity buttons_added\">\n\t\t<input type=\"button\" value=\"-\" class=\"ux-quantity__button ux-quantity__button--minus button minus is-form\" aria-label=\"Reducir la cantidad de VERMOUT VALDESPINO\">\t\t\t\t<label class=\"screen-reader-text\" for=\"quantity_69ee1c8052b5c\">VERMOUT VALDESPINO cantidad<\/label>\n\t\t<input\n\t\t\ttype=\"number\"\n\t\t\t\t\t\tid=\"quantity_69ee1c8052b5c\"\n\t\t\tclass=\"input-text qty text\"\n\t\t\tname=\"cart[6775a0635c302542da2c32aa19d86be0][qty]\"\n\t\t\tvalue=\"1\"\n\t\t\taria-label=\"Cantidad de productos\"\n\t\t\t\t\t\tmin=\"0\"\n\t\t\tmax=\"16\"\n\t\t\t\t\t\t\tstep=\"1\"\n\t\t\t\tplaceholder=\"\"\n\t\t\t\tinputmode=\"numeric\"\n\t\t\t\tautocomplete=\"off\"\n\t\t\t\t\t\/>\n\t\t\t\t<input type=\"button\" value=\"+\" class=\"ux-quantity__button ux-quantity__button--plus button plus is-form\" aria-label=\"Aumentar la cantidad de VERMOUT VALDESPINO\">\t<\/div>\n\t\t\t\t\t\t\t<\/td>\n\n\t\t\t\t\t\t<td class=\"product-subtotal\" data-title=\"Subtotal\">\n\t\t\t\t\t\t\t<span class=\"woocommerce-Price-amount amount\"><bdi>14,25<span class=\"woocommerce-Price-currencySymbol\">&euro;<\/span><\/bdi><\/span>\t\t\t\t\t\t<\/td>\n\t\t\t\t\t<\/tr>\n\t\t\t\t\t\t\t\t\t\t<tr class=\"woocommerce-cart-form__cart-item cart_item\">\n\n\t\t\t\t\t\t<td class=\"product-remove\">\n\t\t\t\t\t\t\t<a role=\"button\" href=\"https:\/\/www.supermeni.es\/?page_id=9&#038;remove_item=74378afe5e8b20910cf1f939e57f0480&#038;_wpnonce=9ce4562ce3\" class=\"remove\" aria-label=\"Eliminar BALBAS BARRICA MAGNUM del carrito\" data-product_id=\"2797\" data-product_sku=\"23200\">&times;<\/a>\t\t\t\t\t\t<\/td>\n\n\t\t\t\t\t\t<td class=\"product-thumbnail\">\n\t\t\t\t\t\t<a href=\"https:\/\/www.supermeni.es\/?product=balbas-barrica-magnum\"><img loading=\"lazy\" decoding=\"async\" width=\"225\" height=\"225\" src=\"https:\/\/www.supermeni.es\/wp-content\/uploads\/2024\/01\/IMG-VINO-BALBAS-MAGNUM.jpg\" class=\"attachment-woocommerce_thumbnail size-woocommerce_thumbnail\" alt=\"IMG-VINO-BALBAS-BARRICA-MAGNUM\" srcset=\"https:\/\/www.supermeni.es\/wp-content\/uploads\/2024\/01\/IMG-VINO-BALBAS-MAGNUM.jpg 225w, https:\/\/www.supermeni.es\/wp-content\/uploads\/2024\/01\/IMG-VINO-BALBAS-MAGNUM-150x150.jpg 150w, https:\/\/www.supermeni.es\/wp-content\/uploads\/2024\/01\/IMG-VINO-BALBAS-MAGNUM-100x100.jpg 100w\" sizes=\"auto, (max-width: 225px) 100vw, 225px\" \/><\/a>\t\t\t\t\t\t<\/td>\n\n\t\t\t\t\t\t<td scope=\"row\" role=\"rowheader\" class=\"product-name\" data-title=\"Producto\">\n\t\t\t\t\t\t<a href=\"https:\/\/www.supermeni.es\/?product=balbas-barrica-magnum\">BALBAS BARRICA MAGNUM<\/a>\t\t\t\t\t\t\t<div class=\"show-for-small mobile-product-price\">\n\t\t\t\t\t\t\t\t<span class=\"mobile-product-price__qty\">1 x <\/span>\n\t\t\t\t\t\t\t\t<span class=\"woocommerce-Price-amount amount\"><bdi>17,85<span class=\"woocommerce-Price-currencySymbol\">&euro;<\/span><\/bdi><\/span>\t\t\t\t\t\t\t<\/div>\n\t\t\t\t\t\t<\/td>\n\n\t\t\t\t\t\t<td class=\"product-price\" data-title=\"Precio\">\n\t\t\t\t\t\t\t<span class=\"woocommerce-Price-amount amount\"><bdi>17,85<span class=\"woocommerce-Price-currencySymbol\">&euro;<\/span><\/bdi><\/span>\t\t\t\t\t\t<\/td>\n\n\t\t\t\t\t\t<td class=\"product-quantity\" data-title=\"Cantidad\">\n\t\t\t\t\t\t\t<div class=\"ux-quantity quantity buttons_added\">\n\t\t<input type=\"button\" value=\"-\" class=\"ux-quantity__button ux-quantity__button--minus button minus is-form\" aria-label=\"Reducir la cantidad de BALBAS BARRICA MAGNUM\">\t\t\t\t<label class=\"screen-reader-text\" for=\"quantity_69ee1c8053ad8\">BALBAS BARRICA MAGNUM cantidad<\/label>\n\t\t<input\n\t\t\ttype=\"number\"\n\t\t\t\t\t\tid=\"quantity_69ee1c8053ad8\"\n\t\t\tclass=\"input-text qty text\"\n\t\t\tname=\"cart[74378afe5e8b20910cf1f939e57f0480][qty]\"\n\t\t\tvalue=\"1\"\n\t\t\taria-label=\"Cantidad de productos\"\n\t\t\t\t\t\tmin=\"0\"\n\t\t\tmax=\"112\"\n\t\t\t\t\t\t\tstep=\"1\"\n\t\t\t\tplaceholder=\"\"\n\t\t\t\tinputmode=\"numeric\"\n\t\t\t\tautocomplete=\"off\"\n\t\t\t\t\t\/>\n\t\t\t\t<input type=\"button\" value=\"+\" class=\"ux-quantity__button ux-quantity__button--plus button plus is-form\" aria-label=\"Aumentar la cantidad de BALBAS BARRICA MAGNUM\">\t<\/div>\n\t\t\t\t\t\t\t<\/td>\n\n\t\t\t\t\t\t<td class=\"product-subtotal\" data-title=\"Subtotal\">\n\t\t\t\t\t\t\t<span class=\"woocommerce-Price-amount amount\"><bdi>17,85<span class=\"woocommerce-Price-currencySymbol\">&euro;<\/span><\/bdi><\/span>\t\t\t\t\t\t<\/td>\n\t\t\t\t\t<\/tr>\n\t\t\t\t\t\t\t\t\t\t<tr class=\"woocommerce-cart-form__cart-item cart_item\">\n\n\t\t\t\t\t\t<td class=\"product-remove\">\n\t\t\t\t\t\t\t<a role=\"button\" href=\"https:\/\/www.supermeni.es\/?page_id=9&#038;remove_item=0fc170ecbb8ff1afb2c6de48ea5343e7&#038;_wpnonce=9ce4562ce3\" class=\"remove\" aria-label=\"Eliminar MONASTERIO RESERVA del carrito\" data-product_id=\"2800\" data-product_sku=\"23208\">&times;<\/a>\t\t\t\t\t\t<\/td>\n\n\t\t\t\t\t\t<td class=\"product-thumbnail\">\n\t\t\t\t\t\t<a href=\"https:\/\/www.supermeni.es\/?product=monasterio-reserva\"><img loading=\"lazy\" decoding=\"async\" width=\"300\" height=\"300\" src=\"https:\/\/www.supermeni.es\/wp-content\/uploads\/2024\/02\/MONASTERIO-RESERVA-300x300.jpg\" class=\"attachment-woocommerce_thumbnail size-woocommerce_thumbnail\" alt=\"MONASTERIO RESERVA\" srcset=\"https:\/\/www.supermeni.es\/wp-content\/uploads\/2024\/02\/MONASTERIO-RESERVA-300x300.jpg 300w, https:\/\/www.supermeni.es\/wp-content\/uploads\/2024\/02\/MONASTERIO-RESERVA-150x150.jpg 150w, https:\/\/www.supermeni.es\/wp-content\/uploads\/2024\/02\/MONASTERIO-RESERVA-100x100.jpg 100w\" sizes=\"auto, (max-width: 300px) 100vw, 300px\" \/><\/a>\t\t\t\t\t\t<\/td>\n\n\t\t\t\t\t\t<td scope=\"row\" role=\"rowheader\" class=\"product-name\" data-title=\"Producto\">\n\t\t\t\t\t\t<a href=\"https:\/\/www.supermeni.es\/?product=monasterio-reserva\">MONASTERIO RESERVA<\/a>\t\t\t\t\t\t\t<div class=\"show-for-small mobile-product-price\">\n\t\t\t\t\t\t\t\t<span class=\"mobile-product-price__qty\">1 x <\/span>\n\t\t\t\t\t\t\t\t<span class=\"woocommerce-Price-amount amount\"><bdi>7,95<span class=\"woocommerce-Price-currencySymbol\">&euro;<\/span><\/bdi><\/span>\t\t\t\t\t\t\t<\/div>\n\t\t\t\t\t\t<\/td>\n\n\t\t\t\t\t\t<td class=\"product-price\" data-title=\"Precio\">\n\t\t\t\t\t\t\t<span class=\"woocommerce-Price-amount amount\"><bdi>7,95<span class=\"woocommerce-Price-currencySymbol\">&euro;<\/span><\/bdi><\/span>\t\t\t\t\t\t<\/td>\n\n\t\t\t\t\t\t<td class=\"product-quantity\" data-title=\"Cantidad\">\n\t\t\t\t\t\t\t<div class=\"ux-quantity quantity buttons_added\">\n\t\t<input type=\"button\" value=\"-\" class=\"ux-quantity__button ux-quantity__button--minus button minus is-form\" aria-label=\"Reducir la cantidad de MONASTERIO RESERVA\">\t\t\t\t<label class=\"screen-reader-text\" for=\"quantity_69ee1c8054390\">MONASTERIO RESERVA cantidad<\/label>\n\t\t<input\n\t\t\ttype=\"number\"\n\t\t\t\t\t\tid=\"quantity_69ee1c8054390\"\n\t\t\tclass=\"input-text qty text\"\n\t\t\tname=\"cart[0fc170ecbb8ff1afb2c6de48ea5343e7][qty]\"\n\t\t\tvalue=\"1\"\n\t\t\taria-label=\"Cantidad de productos\"\n\t\t\t\t\t\tmin=\"0\"\n\t\t\tmax=\"44\"\n\t\t\t\t\t\t\tstep=\"1\"\n\t\t\t\tplaceholder=\"\"\n\t\t\t\tinputmode=\"numeric\"\n\t\t\t\tautocomplete=\"off\"\n\t\t\t\t\t\/>\n\t\t\t\t<input type=\"button\" value=\"+\" class=\"ux-quantity__button ux-quantity__button--plus button plus is-form\" aria-label=\"Aumentar la cantidad de MONASTERIO RESERVA\">\t<\/div>\n\t\t\t\t\t\t\t<\/td>\n\n\t\t\t\t\t\t<td class=\"product-subtotal\" data-title=\"Subtotal\">\n\t\t\t\t\t\t\t<span class=\"woocommerce-Price-amount amount\"><bdi>7,95<span class=\"woocommerce-Price-currencySymbol\">&euro;<\/span><\/bdi><\/span>\t\t\t\t\t\t<\/td>\n\t\t\t\t\t<\/tr>\n\t\t\t\t\t\n\t\t\t\n\t\t\t<tr>\n\t\t\t\t<td colspan=\"6\" class=\"actions clear\">\n\n\t\t\t\t\n\t\t\t\t\t\n<div class=\"continue-shopping pull-left text-left\">\n\t<a class=\"button-continue-shopping button primary is-outline\"  href=\"https:\/\/www.supermeni.es\/?page_id=8\">\n\t\t<span aria-hidden=\"true\">&#8592;&nbsp;<\/span>Seguir comprando\t<\/a>\n<\/div>\n\n\t\t\t\t\t<button type=\"submit\" class=\"button primary mt-0 pull-left small\" name=\"update_cart\" value=\"Actualizar carrito\">Actualizar carrito<\/button>\n\n\t\t\t\t\t<input type=\"hidden\" id=\"woocommerce-cart-nonce\" name=\"woocommerce-cart-nonce\" value=\"9ce4562ce3\" \/><input type=\"hidden\" name=\"_wp_http_referer\" value=\"\/index.php?rest_route=%2Fwp%2Fv2%2Fpages%2F9\" \/>\t\t\t\t<\/td>\n\t\t\t<\/tr>\n\n\t\t\t\t\t<\/tbody>\n\t<\/table>\n\t<\/div>\n<\/form>\n<\/div>\n\n\n<div class=\"cart-collaterals large-5 col pb-0\">\n\t\n\t<div class=\"cart-sidebar col-inner \">\n\t\t<div class=\"cart_totals \">\n\n\t          <table cellspacing=\"0\">\n          <thead>\n              <tr>\n                  <th class=\"product-name\" colspan=\"2\">Totales del carrito<\/th>\n              <\/tr>\n          <\/thead>\n          <\/table>\n  \n\t<h2>Totales del carrito<\/h2>\n\n\t<table cellspacing=\"0\" class=\"shop_table shop_table_responsive\">\n\n\t\t<tr class=\"cart-subtotal\">\n\t\t\t<th>Subtotal<\/th>\n\t\t\t<td data-title=\"Subtotal\"><span class=\"woocommerce-Price-amount amount\"><bdi>40,05<span class=\"woocommerce-Price-currencySymbol\">&euro;<\/span><\/bdi><\/span><\/td>\n\t\t<\/tr>\n\n\t\t\n\t\t\n\t\t\n\t\t\n\t\t\n\t\t<tr class=\"order-total\">\n\t\t\t<th>Total<\/th>\n\t\t\t<td data-title=\"Total\"><strong><span class=\"woocommerce-Price-amount amount\"><bdi>40,05<span class=\"woocommerce-Price-currencySymbol\">&euro;<\/span><\/bdi><\/span><\/strong> <\/td>\n\t\t<\/tr>\n\n\t\t\n\t<\/table>\n\n\t<div class=\"wc-proceed-to-checkout\">\n\t\t\n<a href=\"https:\/\/www.supermeni.es\/?page_id=10\" class=\"checkout-button button alt wc-forward\">\n\tFinalizar compra<\/a>\n\t<\/div>\n\n\t\n<\/div>\n\t\t\t\t<form class=\"ux-cart-coupon mb-0\" method=\"post\">\n\t\t\t<div class=\"coupon\">\n\t\t\t\t<h3 class=\"widget-title\"><i class=\"icon-tag\" aria-hidden=\"true\"><\/i> Cup\u00f3n<\/h3><label for=\"coupon_code\" class=\"screen-reader-text\">Cup\u00f3n:<\/label><input type=\"text\" name=\"coupon_code\" class=\"input-text\" id=\"coupon_code\" value=\"\" placeholder=\"C\u00f3digo de cup\u00f3n\" \/> <button type=\"submit\" class=\"is-form expand button\" name=\"apply_coupon\" value=\"Aplicar cup\u00f3n\">Aplicar cup\u00f3n<\/button>\n\t\t\t\t\t\t\t<\/div>\n\t\t<\/form>\n\t\t\t\t\t<\/div>\n\n\t<\/div>\n<\/div>\n\n<div class=\"cart-footer-content after-cart-content relative\"><\/div><\/div>\n","protected":false},"excerpt":{"rendered":"","protected":false},"author":1,"featured_media":0,"parent":0,"menu_order":0,"comment_status":"closed","ping_status":"closed","template":"","meta":{"footnotes":""},"class_list":["post-9","page","type-page","status-publish","hentry"],"yoast_head":"<!-- This site is optimized with the Yoast SEO plugin v26.4 - https:\/\/yoast.com\/wordpress\/plugins\/seo\/ -->\n<title>Carrito - Supermercado Meni Licorer\u00eda<\/title>\n<meta name=\"robots\" content=\"index, follow, max-snippet:-1, max-image-preview:large, max-video-preview:-1\" \/>\n<link rel=\"canonical\" href=\"https:\/\/www.supermeni.es\/?page_id=9\" \/>\n<meta property=\"og:locale\" content=\"es_ES\" \/>\n<meta property=\"og:type\" content=\"article\" \/>\n<meta property=\"og:title\" content=\"Carrito - Supermercado Meni Licorer\u00eda\" \/>\n<meta property=\"og:url\" content=\"https:\/\/www.supermeni.es\/?page_id=9\" \/>\n<meta property=\"og:site_name\" content=\"Supermercado Meni Licorer\u00eda\" \/>\n<meta property=\"article:modified_time\" content=\"2023-05-30T07:57:05+00:00\" \/>\n<meta name=\"twitter:card\" content=\"summary_large_image\" \/>\n<script type=\"application\/ld+json\" class=\"yoast-schema-graph\">{\"@context\":\"https:\/\/schema.org\",\"@graph\":[{\"@type\":\"WebPage\",\"@id\":\"https:\/\/www.supermeni.es\/?page_id=9\",\"url\":\"https:\/\/www.supermeni.es\/?page_id=9\",\"name\":\"Carrito - Supermercado Meni Licorer\u00eda\",\"isPartOf\":{\"@id\":\"https:\/\/www.supermeni.es\/#website\"},\"datePublished\":\"2023-05-30T07:38:48+00:00\",\"dateModified\":\"2023-05-30T07:57:05+00:00\",\"breadcrumb\":{\"@id\":\"https:\/\/www.supermeni.es\/?page_id=9#breadcrumb\"},\"inLanguage\":\"es\",\"potentialAction\":[{\"@type\":\"ReadAction\",\"target\":[\"https:\/\/www.supermeni.es\/?page_id=9\"]}]},{\"@type\":\"BreadcrumbList\",\"@id\":\"https:\/\/www.supermeni.es\/?page_id=9#breadcrumb\",\"itemListElement\":[{\"@type\":\"ListItem\",\"position\":1,\"name\":\"Portada\",\"item\":\"https:\/\/www.supermeni.es\/\"},{\"@type\":\"ListItem\",\"position\":2,\"name\":\"Carrito\"}]},{\"@type\":\"WebSite\",\"@id\":\"https:\/\/www.supermeni.es\/#website\",\"url\":\"https:\/\/www.supermeni.es\/\",\"name\":\"Supermercado Meni Licorer\u00eda\",\"description\":\"Supermercado y licorer\u00eda con mas de 50 a\u00f1os de experiencia.\",\"publisher\":{\"@id\":\"https:\/\/www.supermeni.es\/#organization\"},\"potentialAction\":[{\"@type\":\"SearchAction\",\"target\":{\"@type\":\"EntryPoint\",\"urlTemplate\":\"https:\/\/www.supermeni.es\/?s={search_term_string}\"},\"query-input\":{\"@type\":\"PropertyValueSpecification\",\"valueRequired\":true,\"valueName\":\"search_term_string\"}}],\"inLanguage\":\"es\"},{\"@type\":\"Organization\",\"@id\":\"https:\/\/www.supermeni.es\/#organization\",\"name\":\"Supermercado Meni Licorer\u00eda\",\"url\":\"https:\/\/www.supermeni.es\/\",\"logo\":{\"@type\":\"ImageObject\",\"inLanguage\":\"es\",\"@id\":\"https:\/\/www.supermeni.es\/#\/schema\/logo\/image\/\",\"url\":\"https:\/\/www.supermeni.es\/wp-content\/uploads\/2023\/05\/LOGO.png\",\"contentUrl\":\"https:\/\/www.supermeni.es\/wp-content\/uploads\/2023\/05\/LOGO.png\",\"width\":710,\"height\":351,\"caption\":\"Supermercado Meni Licorer\u00eda\"},\"image\":{\"@id\":\"https:\/\/www.supermeni.es\/#\/schema\/logo\/image\/\"}}]}<\/script>\n<!-- \/ Yoast SEO plugin. -->","yoast_head_json":{"title":"Carrito - Supermercado Meni Licorer\u00eda","robots":{"index":"index","follow":"follow","max-snippet":"max-snippet:-1","max-image-preview":"max-image-preview:large","max-video-preview":"max-video-preview:-1"},"canonical":"https:\/\/www.supermeni.es\/?page_id=9","og_locale":"es_ES","og_type":"article","og_title":"Carrito - Supermercado Meni Licorer\u00eda","og_url":"https:\/\/www.supermeni.es\/?page_id=9","og_site_name":"Supermercado Meni Licorer\u00eda","article_modified_time":"2023-05-30T07:57:05+00:00","twitter_card":"summary_large_image","schema":{"@context":"https:\/\/schema.org","@graph":[{"@type":"WebPage","@id":"https:\/\/www.supermeni.es\/?page_id=9","url":"https:\/\/www.supermeni.es\/?page_id=9","name":"Carrito - Supermercado Meni Licorer\u00eda","isPartOf":{"@id":"https:\/\/www.supermeni.es\/#website"},"datePublished":"2023-05-30T07:38:48+00:00","dateModified":"2023-05-30T07:57:05+00:00","breadcrumb":{"@id":"https:\/\/www.supermeni.es\/?page_id=9#breadcrumb"},"inLanguage":"es","potentialAction":[{"@type":"ReadAction","target":["https:\/\/www.supermeni.es\/?page_id=9"]}]},{"@type":"BreadcrumbList","@id":"https:\/\/www.supermeni.es\/?page_id=9#breadcrumb","itemListElement":[{"@type":"ListItem","position":1,"name":"Portada","item":"https:\/\/www.supermeni.es\/"},{"@type":"ListItem","position":2,"name":"Carrito"}]},{"@type":"WebSite","@id":"https:\/\/www.supermeni.es\/#website","url":"https:\/\/www.supermeni.es\/","name":"Supermercado Meni Licorer\u00eda","description":"Supermercado y licorer\u00eda con mas de 50 a\u00f1os de experiencia.","publisher":{"@id":"https:\/\/www.supermeni.es\/#organization"},"potentialAction":[{"@type":"SearchAction","target":{"@type":"EntryPoint","urlTemplate":"https:\/\/www.supermeni.es\/?s={search_term_string}"},"query-input":{"@type":"PropertyValueSpecification","valueRequired":true,"valueName":"search_term_string"}}],"inLanguage":"es"},{"@type":"Organization","@id":"https:\/\/www.supermeni.es\/#organization","name":"Supermercado Meni Licorer\u00eda","url":"https:\/\/www.supermeni.es\/","logo":{"@type":"ImageObject","inLanguage":"es","@id":"https:\/\/www.supermeni.es\/#\/schema\/logo\/image\/","url":"https:\/\/www.supermeni.es\/wp-content\/uploads\/2023\/05\/LOGO.png","contentUrl":"https:\/\/www.supermeni.es\/wp-content\/uploads\/2023\/05\/LOGO.png","width":710,"height":351,"caption":"Supermercado Meni Licorer\u00eda"},"image":{"@id":"https:\/\/www.supermeni.es\/#\/schema\/logo\/image\/"}}]}},"_links":{"self":[{"href":"https:\/\/www.supermeni.es\/index.php?rest_route=\/wp\/v2\/pages\/9","targetHints":{"allow":["GET"]}}],"collection":[{"href":"https:\/\/www.supermeni.es\/index.php?rest_route=\/wp\/v2\/pages"}],"about":[{"href":"https:\/\/www.supermeni.es\/index.php?rest_route=\/wp\/v2\/types\/page"}],"author":[{"embeddable":true,"href":"https:\/\/www.supermeni.es\/index.php?rest_route=\/wp\/v2\/users\/1"}],"replies":[{"embeddable":true,"href":"https:\/\/www.supermeni.es\/index.php?rest_route=%2Fwp%2Fv2%2Fcomments&post=9"}],"version-history":[{"count":1,"href":"https:\/\/www.supermeni.es\/index.php?rest_route=\/wp\/v2\/pages\/9\/revisions"}],"predecessor-version":[{"id":16,"href":"https:\/\/www.supermeni.es\/index.php?rest_route=\/wp\/v2\/pages\/9\/revisions\/16"}],"wp:attachment":[{"href":"https:\/\/www.supermeni.es\/index.php?rest_route=%2Fwp%2Fv2%2Fmedia&parent=9"}],"curies":[{"name":"wp","href":"https:\/\/api.w.org\/{rel}","templated":true}]}}