
{"id":53,"date":"2023-05-30T13:41:42","date_gmt":"2023-05-30T11:41:42","guid":{"rendered":"http:\/\/supermeni.test:8080\/?page_id=53"},"modified":"2024-02-12T13:55:39","modified_gmt":"2024-02-12T11:55:39","slug":"sobre-nosotros","status":"publish","type":"page","link":"https:\/\/www.supermeni.es\/?page_id=53","title":{"rendered":"Sobre Nosotros"},"content":{"rendered":"\n  <div id=\"page-header-966190155\" class=\"page-header-wrapper\">\n  <div class=\"page-title dark featured-title\">\n\n    \n    <div class=\"page-title-inner container align-center flex-row medium-flex-wrap\" >\n              <div class=\"title-wrapper flex-col text-left medium-text-center\">\n          <h1 class=\"entry-title mb-0\">\n            Sobre Nosotros          <\/h1>\n        <\/div>\n                    <div class=\"title-content flex-col flex-right text-right medium-text-center\">\n        <div class=\"title-breadcrumbs pb-half pt-half\"><nav class=\"woocommerce-breadcrumb breadcrumbs uppercase\" aria-label=\"Breadcrumb\">Inicio<\/nav><\/div>      <\/div>\n    <\/div>\n\n       <\/div>\n    <\/div>\n  \n\n\n\t<section class=\"section\" id=\"section_328145106\">\n\t\t<div class=\"section-bg fill\" >\n\t\t\t\t\t\t\t\t\t\n\t\t\t\n\n\t\t<\/div>\n\n\t\t\n\n\t\t<div class=\"section-content relative\">\n\t\t\t\n\n<div class=\"row align-middle align-center\" style=\"max-width:1300px\" id=\"row-1636694520\">\n\n\n\t<div id=\"col-1133048338\" class=\"col small-12 large-12\"  >\n\t\t\t\t<div class=\"col-inner\"  >\n\t\t\t\n\t\t\t\n\n\t<div id=\"text-813749887\" class=\"text\">\n\t\t\n\n<h1 class=\"uppercase\"><span style=\"color: #00a859;\">sobre nosotros<\/span><\/h1>\n\t\t\n<style>\n#text-813749887 {\n  font-size: 1.2rem;\n}\n<\/style>\n\t<\/div>\n\t\n<div class=\"is-divider divider clearfix\" style=\"background-color:rgb(242, 139, 154);\"><\/div>\n\n\t<div id=\"text-4159723715\" class=\"text\">\n\t\t\n\n<p style=\"text-align: justify;\">Con la experiencia de m\u00e1s de <strong>50 a\u00f1os<\/strong>, en primera l\u00ednea de La <strong>Herradura<\/strong> nos podr\u00e1s encontrar. Te ofrecemos un amplio surtido en <strong>primeras marcas, vinos exclusivos<\/strong> directos de bodega a los mejores precios una gran selecci\u00f3n de vinos nacionales y licores internacionales.<\/p>\n<p style=\"text-align: justify;\">Tambi\u00e9n encontraras una gran <strong>variedad de productos<\/strong> de primera necesidad de una<strong> forma c\u00f3moda<\/strong> <strong>y r\u00e1pida<\/strong> sin necesidad de recorrer grandes pasillo ahorraras tiempo en tus compras. Con atenci\u00f3n personalizada y cercana de nuestro personal.\u00a0<\/p>\n<p>No dudes en visitarnos te sorprenderemos.<\/p>\n\n\t\t\n<style>\n#text-4159723715 {\n  font-size: 1.1rem;\n  color: rgb(59, 59, 59);\n}\n#text-4159723715 > * {\n  color: rgb(59, 59, 59);\n}\n<\/style>\n\t<\/div>\n\t\n\n\t\t<\/div>\n\t\t\t\t\t<\/div>\n\n\t\n\n\t<div id=\"col-1642551670\" class=\"col medium-6 small-12 large-6\"  >\n\t\t\t\t<div class=\"col-inner\"  >\n\t\t\t\n\t\t\t\n\n\t<div class=\"img has-hover x md-x lg-x y md-y lg-y\" id=\"image_702928863\">\n\t\t<a class=\"image-lightbox lightbox-gallery\" title=\"\" href=\"https:\/\/www.supermeni.es\/wp-content\/uploads\/2023\/06\/Foto-super-2.jpg\">\t\t\t\t\t\t<div class=\"img-inner image-overlay-add image-cover dark\" style=\"padding-top:350px;\">\n\t\t\t<img loading=\"lazy\" decoding=\"async\" width=\"1024\" height=\"685\" src=\"https:\/\/www.supermeni.es\/wp-content\/uploads\/2023\/06\/Foto-super-2.jpg\" class=\"attachment-original size-original\" alt=\"Foto-super-2\" title=\"Foto-super-2\" srcset=\"https:\/\/www.supermeni.es\/wp-content\/uploads\/2023\/06\/Foto-super-2.jpg 1024w, https:\/\/www.supermeni.es\/wp-content\/uploads\/2023\/06\/Foto-super-2-300x201.jpg 300w, https:\/\/www.supermeni.es\/wp-content\/uploads\/2023\/06\/Foto-super-2-768x514.jpg 768w, https:\/\/www.supermeni.es\/wp-content\/uploads\/2023\/06\/Foto-super-2-600x401.jpg 600w\" sizes=\"auto, (max-width: 1024px) 100vw, 1024px\" \/>\t\t\t\t\t\t\t<div class=\"overlay\" style=\"background-color: rgba(84, 211, 143, 0.314)\"><\/div>\n\t\t\t\t\t\t\n\t\t\t\t\t<\/div>\n\t\t\t\t\t\t<\/a>\t\t\n<style>\n#image_702928863 {\n  width: 100%;\n}\n<\/style>\n\t<\/div>\n\t\n\n\n\t\t<\/div>\n\t\t\t\t\t<\/div>\n\n\t\n\n\t<div id=\"col-1998577178\" class=\"col medium-6 small-12 large-6\"  >\n\t\t\t\t<div class=\"col-inner\"  >\n\t\t\t\n\t\t\t\n\n\t<div class=\"img has-hover x md-x lg-x y md-y lg-y\" id=\"image_1810828757\">\n\t\t<a class=\"image-lightbox lightbox-gallery\" title=\"\" href=\"https:\/\/www.supermeni.es\/wp-content\/uploads\/2023\/06\/Super-Meni.png\">\t\t\t\t\t\t<div class=\"img-inner image-overlay-add image-cover dark\" style=\"padding-top:350px;\">\n\t\t\t<img loading=\"lazy\" decoding=\"async\" width=\"580\" height=\"326\" src=\"https:\/\/www.supermeni.es\/wp-content\/uploads\/2023\/06\/Super-Meni.png\" class=\"attachment-original size-original\" alt=\"Super Meni\" srcset=\"https:\/\/www.supermeni.es\/wp-content\/uploads\/2023\/06\/Super-Meni.png 580w, https:\/\/www.supermeni.es\/wp-content\/uploads\/2023\/06\/Super-Meni-300x169.png 300w\" sizes=\"auto, (max-width: 580px) 100vw, 580px\" \/>\t\t\t\t\t\t\t<div class=\"overlay\" style=\"background-color: rgba(84, 211, 143, 0.314)\"><\/div>\n\t\t\t\t\t\t\n\t\t\t\t\t<\/div>\n\t\t\t\t\t\t<\/a>\t\t\n<style>\n#image_1810828757 {\n  width: 100%;\n}\n<\/style>\n\t<\/div>\n\t\n\n\n\t\t<\/div>\n\t\t\t\t\t<\/div>\n\n\t\n\n<\/div>\n\t<div id=\"gap-922762529\" class=\"gap-element clearfix\" style=\"display:block; height:auto;\">\n\t\t\n<style>\n#gap-922762529 {\n  padding-top: 30px;\n}\n<\/style>\n\t<\/div>\n\t\n\n<div class=\"row\" style=\"max-width:1300px\" id=\"row-1025985799\">\n\n\n\t<div id=\"col-126400812\" class=\"col small-12 large-12\"  >\n\t\t\t\t<div class=\"col-inner\"  >\n\t\t\t\n\t\t\t\n\n\t<div id=\"text-1712140115\" class=\"text\">\n\t\t\n\n<h1 class=\"uppercase\"><span style=\"color: #00a859;\">visite nuestra tienda de forma especial<\/span><\/h1>\n\t\t\n<style>\n#text-1712140115 {\n  font-size: 1.2rem;\n}\n<\/style>\n\t<\/div>\n\t\n<div class=\"is-divider divider clearfix\" style=\"background-color:rgb(242, 139, 154);\"><\/div>\n\n<p>\u00bfEst\u00e1 listo\/a para ver nuestras instalaciones? Hemos realizado un <strong>proyecto especial<\/strong> para que nuestros clientes puedan visitarnos desde sus casas de la forma mas <strong>c\u00f3moda y visual<\/strong><\/p>\n\n\t\t<\/div>\n\t\t\t\t\t<\/div>\n\n\t\n\n\t<div id=\"col-703523300\" class=\"col small-12 large-12\"  >\n\t\t\t\t<div class=\"col-inner text-left\"  >\n\t\t\t\n\t\t\t\n\n<iframe loading=\"lazy\" width=\"100%\" height=\"480\" src=\"https:\/\/my.matterport.com\/show\/?m=Cj4EaXar7Cu\" frameborder=\"0\" allowfullscreen allow=\"xr-spatial-tracking\"><\/iframe>\n\n\n\t\t<\/div>\n\t\t\t\t\t<\/div>\n\n\t\n\n<\/div>\n\t<div id=\"gap-634204880\" class=\"gap-element clearfix\" style=\"display:block; height:auto;\">\n\t\t\n<style>\n#gap-634204880 {\n  padding-top: 30px;\n}\n<\/style>\n\t<\/div>\n\t\n\n<span class=\"scroll-to\" data-label=\"Scroll to: #comollegar\" data-bullet=\"false\" data-link=\"#comollegar\" data-title=\"Como llegas\"><a name=\"comollegar\"><\/a><\/span>\n\n<div class=\"row\" style=\"max-width:1300px\" id=\"row-1894515489\">\n\n\n\t<div id=\"col-513262903\" class=\"col small-12 large-12\"  >\n\t\t\t\t<div class=\"col-inner\"  >\n\t\t\t\n\t\t\t\n\n\t<div id=\"text-2514656991\" class=\"text\">\n\t\t\n\n<h1 class=\"uppercase\"><span style=\"color: #00a859;\">como llegar a nuestro supermercado<\/span><\/h1>\n\t\t\n<style>\n#text-2514656991 {\n  font-size: 1.2rem;\n}\n<\/style>\n\t<\/div>\n\t\n<div class=\"is-divider divider clearfix\" style=\"background-color:rgb(242, 139, 154);\"><\/div>\n\n\n\t\t<\/div>\n\t\t\t\t\t<\/div>\n\n\t\n\n\t<div id=\"col-892651420\" class=\"col small-12 large-12\"  >\n\t\t\t\t<div class=\"col-inner\"  >\n\t\t\t\n\t\t\t\n\n<iframe loading=\"lazy\" style=\"border: 0;\" src=\"https:\/\/www.google.com\/maps\/embed?pb=!1m18!1m12!1m3!1d3197.5713139665536!2d-3.742393889015381!3d36.73285557137792!2m3!1f0!2f0!3f0!3m2!1i1024!2i768!4f13.1!3m3!1m2!1s0xd71880316742a1f%3A0x9fa27fc8e47d4592!2sLICORERIA%20MENI%20SUPERMERCADO!5e0!3m2!1ses!2ses!4v1685960527255!5m2!1ses!2ses\" width=\"100%\" height=\"450\" allowfullscreen=\"allowfullscreen\"><\/iframe>\n\n\n\t\t<\/div>\n\t\t\t\t\t<\/div>\n\n\t\n\n<\/div>\n\n\t\t<\/div>\n\n\t\t\n<style>\n#section_328145106 {\n  padding-top: 30px;\n  padding-bottom: 30px;\n}\n<\/style>\n\t<\/section>\n\t\n\n","protected":false},"excerpt":{"rendered":"","protected":false},"author":1,"featured_media":0,"parent":0,"menu_order":0,"comment_status":"closed","ping_status":"closed","template":"page-blank.php","meta":{"footnotes":""},"class_list":["post-53","page","type-page","status-publish","hentry"],"yoast_head":"<!-- This site is optimized with the Yoast SEO plugin v26.4 - https:\/\/yoast.com\/wordpress\/plugins\/seo\/ -->\n<title>Sobre Nosotros - Supermercado Meni Licorer\u00eda<\/title>\n<meta name=\"robots\" content=\"index, follow, max-snippet:-1, max-image-preview:large, max-video-preview:-1\" \/>\n<link rel=\"canonical\" href=\"https:\/\/www.supermeni.es\/?page_id=53\" \/>\n<meta property=\"og:locale\" content=\"es_ES\" \/>\n<meta property=\"og:type\" content=\"article\" \/>\n<meta property=\"og:title\" content=\"Sobre Nosotros - Supermercado Meni Licorer\u00eda\" \/>\n<meta property=\"og:url\" content=\"https:\/\/www.supermeni.es\/?page_id=53\" \/>\n<meta property=\"og:site_name\" content=\"Supermercado Meni Licorer\u00eda\" \/>\n<meta property=\"article:modified_time\" content=\"2024-02-12T11:55:39+00:00\" \/>\n<meta name=\"twitter:card\" content=\"summary_large_image\" \/>\n<meta name=\"twitter:label1\" content=\"Tiempo de lectura\" \/>\n\t<meta name=\"twitter:data1\" content=\"2 minutos\" \/>\n<script type=\"application\/ld+json\" class=\"yoast-schema-graph\">{\"@context\":\"https:\/\/schema.org\",\"@graph\":[{\"@type\":\"WebPage\",\"@id\":\"https:\/\/www.supermeni.es\/?page_id=53\",\"url\":\"https:\/\/www.supermeni.es\/?page_id=53\",\"name\":\"Sobre Nosotros - Supermercado Meni Licorer\u00eda\",\"isPartOf\":{\"@id\":\"https:\/\/www.supermeni.es\/#website\"},\"datePublished\":\"2023-05-30T11:41:42+00:00\",\"dateModified\":\"2024-02-12T11:55:39+00:00\",\"breadcrumb\":{\"@id\":\"https:\/\/www.supermeni.es\/?page_id=53#breadcrumb\"},\"inLanguage\":\"es\",\"potentialAction\":[{\"@type\":\"ReadAction\",\"target\":[\"https:\/\/www.supermeni.es\/?page_id=53\"]}]},{\"@type\":\"BreadcrumbList\",\"@id\":\"https:\/\/www.supermeni.es\/?page_id=53#breadcrumb\",\"itemListElement\":[{\"@type\":\"ListItem\",\"position\":1,\"name\":\"Portada\",\"item\":\"https:\/\/www.supermeni.es\/\"},{\"@type\":\"ListItem\",\"position\":2,\"name\":\"Sobre Nosotros\"}]},{\"@type\":\"WebSite\",\"@id\":\"https:\/\/www.supermeni.es\/#website\",\"url\":\"https:\/\/www.supermeni.es\/\",\"name\":\"Supermercado Meni Licorer\u00eda\",\"description\":\"Supermercado y licorer\u00eda con mas de 50 a\u00f1os de experiencia.\",\"publisher\":{\"@id\":\"https:\/\/www.supermeni.es\/#organization\"},\"potentialAction\":[{\"@type\":\"SearchAction\",\"target\":{\"@type\":\"EntryPoint\",\"urlTemplate\":\"https:\/\/www.supermeni.es\/?s={search_term_string}\"},\"query-input\":{\"@type\":\"PropertyValueSpecification\",\"valueRequired\":true,\"valueName\":\"search_term_string\"}}],\"inLanguage\":\"es\"},{\"@type\":\"Organization\",\"@id\":\"https:\/\/www.supermeni.es\/#organization\",\"name\":\"Supermercado Meni Licorer\u00eda\",\"url\":\"https:\/\/www.supermeni.es\/\",\"logo\":{\"@type\":\"ImageObject\",\"inLanguage\":\"es\",\"@id\":\"https:\/\/www.supermeni.es\/#\/schema\/logo\/image\/\",\"url\":\"https:\/\/www.supermeni.es\/wp-content\/uploads\/2023\/05\/LOGO.png\",\"contentUrl\":\"https:\/\/www.supermeni.es\/wp-content\/uploads\/2023\/05\/LOGO.png\",\"width\":710,\"height\":351,\"caption\":\"Supermercado Meni Licorer\u00eda\"},\"image\":{\"@id\":\"https:\/\/www.supermeni.es\/#\/schema\/logo\/image\/\"}}]}<\/script>\n<!-- \/ Yoast SEO plugin. -->","yoast_head_json":{"title":"Sobre Nosotros - Supermercado Meni Licorer\u00eda","robots":{"index":"index","follow":"follow","max-snippet":"max-snippet:-1","max-image-preview":"max-image-preview:large","max-video-preview":"max-video-preview:-1"},"canonical":"https:\/\/www.supermeni.es\/?page_id=53","og_locale":"es_ES","og_type":"article","og_title":"Sobre Nosotros - Supermercado Meni Licorer\u00eda","og_url":"https:\/\/www.supermeni.es\/?page_id=53","og_site_name":"Supermercado Meni Licorer\u00eda","article_modified_time":"2024-02-12T11:55:39+00:00","twitter_card":"summary_large_image","twitter_misc":{"Tiempo de lectura":"2 minutos"},"schema":{"@context":"https:\/\/schema.org","@graph":[{"@type":"WebPage","@id":"https:\/\/www.supermeni.es\/?page_id=53","url":"https:\/\/www.supermeni.es\/?page_id=53","name":"Sobre Nosotros - Supermercado Meni Licorer\u00eda","isPartOf":{"@id":"https:\/\/www.supermeni.es\/#website"},"datePublished":"2023-05-30T11:41:42+00:00","dateModified":"2024-02-12T11:55:39+00:00","breadcrumb":{"@id":"https:\/\/www.supermeni.es\/?page_id=53#breadcrumb"},"inLanguage":"es","potentialAction":[{"@type":"ReadAction","target":["https:\/\/www.supermeni.es\/?page_id=53"]}]},{"@type":"BreadcrumbList","@id":"https:\/\/www.supermeni.es\/?page_id=53#breadcrumb","itemListElement":[{"@type":"ListItem","position":1,"name":"Portada","item":"https:\/\/www.supermeni.es\/"},{"@type":"ListItem","position":2,"name":"Sobre Nosotros"}]},{"@type":"WebSite","@id":"https:\/\/www.supermeni.es\/#website","url":"https:\/\/www.supermeni.es\/","name":"Supermercado Meni Licorer\u00eda","description":"Supermercado y licorer\u00eda con mas de 50 a\u00f1os de experiencia.","publisher":{"@id":"https:\/\/www.supermeni.es\/#organization"},"potentialAction":[{"@type":"SearchAction","target":{"@type":"EntryPoint","urlTemplate":"https:\/\/www.supermeni.es\/?s={search_term_string}"},"query-input":{"@type":"PropertyValueSpecification","valueRequired":true,"valueName":"search_term_string"}}],"inLanguage":"es"},{"@type":"Organization","@id":"https:\/\/www.supermeni.es\/#organization","name":"Supermercado Meni Licorer\u00eda","url":"https:\/\/www.supermeni.es\/","logo":{"@type":"ImageObject","inLanguage":"es","@id":"https:\/\/www.supermeni.es\/#\/schema\/logo\/image\/","url":"https:\/\/www.supermeni.es\/wp-content\/uploads\/2023\/05\/LOGO.png","contentUrl":"https:\/\/www.supermeni.es\/wp-content\/uploads\/2023\/05\/LOGO.png","width":710,"height":351,"caption":"Supermercado Meni Licorer\u00eda"},"image":{"@id":"https:\/\/www.supermeni.es\/#\/schema\/logo\/image\/"}}]}},"_links":{"self":[{"href":"https:\/\/www.supermeni.es\/index.php?rest_route=\/wp\/v2\/pages\/53","targetHints":{"allow":["GET"]}}],"collection":[{"href":"https:\/\/www.supermeni.es\/index.php?rest_route=\/wp\/v2\/pages"}],"about":[{"href":"https:\/\/www.supermeni.es\/index.php?rest_route=\/wp\/v2\/types\/page"}],"author":[{"embeddable":true,"href":"https:\/\/www.supermeni.es\/index.php?rest_route=\/wp\/v2\/users\/1"}],"replies":[{"embeddable":true,"href":"https:\/\/www.supermeni.es\/index.php?rest_route=%2Fwp%2Fv2%2Fcomments&post=53"}],"version-history":[{"count":46,"href":"https:\/\/www.supermeni.es\/index.php?rest_route=\/wp\/v2\/pages\/53\/revisions"}],"predecessor-version":[{"id":2905,"href":"https:\/\/www.supermeni.es\/index.php?rest_route=\/wp\/v2\/pages\/53\/revisions\/2905"}],"wp:attachment":[{"href":"https:\/\/www.supermeni.es\/index.php?rest_route=%2Fwp%2Fv2%2Fmedia&parent=53"}],"curies":[{"name":"wp","href":"https:\/\/api.w.org\/{rel}","templated":true}]}}