
{"id":11,"date":"2023-05-30T07:38:48","date_gmt":"2023-05-30T07:38:48","guid":{"rendered":"http:\/\/supermeni.test:8080\/my-account\/"},"modified":"2023-05-30T08:02:30","modified_gmt":"2023-05-30T08:02:30","slug":"mi-cuenta","status":"publish","type":"page","link":"https:\/\/www.supermeni.es\/?page_id=11","title":{"rendered":"Mi cuenta"},"content":{"rendered":"<div class=\"woocommerce\"><div class=\"woocommerce-notices-wrapper\"><\/div>\n<div class=\"account-container lightbox-inner\">\n\n\t\n\t\t\t<div class=\"account-login-inner\">\n\n\t\t\t\t<h2 class=\"uppercase h3\">Acceder<\/h2>\n\n\t\t\t\t<form class=\"woocommerce-form woocommerce-form-login login\" method=\"post\" novalidate>\n\n\t\t\t\t\t\n\t\t\t\t\t<p class=\"woocommerce-form-row woocommerce-form-row--wide form-row form-row-wide\">\n\t\t\t\t\t\t<label for=\"username\">Nombre de usuario o correo electr\u00f3nico&nbsp;<span class=\"required\" aria-hidden=\"true\">*<\/span><span class=\"screen-reader-text\">Obligatorio<\/span><\/label>\n\t\t\t\t\t\t<input type=\"text\" class=\"woocommerce-Input woocommerce-Input--text input-text\" name=\"username\" id=\"username\" autocomplete=\"username\" value=\"\" required aria-required=\"true\" \/>\t\t\t\t\t<\/p>\n\t\t\t\t\t<p class=\"woocommerce-form-row woocommerce-form-row--wide form-row form-row-wide\">\n\t\t\t\t\t\t<label for=\"password\">Contrase\u00f1a&nbsp;<span class=\"required\" aria-hidden=\"true\">*<\/span><span class=\"screen-reader-text\">Obligatorio<\/span><\/label>\n\t\t\t\t\t\t<input class=\"woocommerce-Input woocommerce-Input--text input-text\" type=\"password\" name=\"password\" id=\"password\" autocomplete=\"current-password\" required aria-required=\"true\" \/>\n\t\t\t\t\t<\/p>\n\n\t\t\t\t\t<input type=\"hidden\" name=\"g-recaptcha-response\" class=\"agr-recaptcha-response\" value=\"\" \/><script>\r\n                function wpcaptcha_captcha(){\r\n                    grecaptcha.execute(\"6LclgGopAAAAAMBwUWDZQbi-TVi4fX-8iKRQWURN\", {action: \"submit\"}).then(function(token) {\r\n                        var captchas = document.querySelectorAll(\".agr-recaptcha-response\");\r\n                        captchas.forEach(function(captcha) {\r\n                            captcha.value = token;\r\n                        });\r\n                    });\r\n                }\r\n                <\/script><script>\r\n                    jQuery(\"form.woocommerce-checkout\").on(\"submit\", function(){\r\n                        setTimeout(function(){\r\n                            wpcaptcha_captcha();\r\n                        },100);\r\n                    });\r\n                <\/script><script src='https:\/\/www.google.com\/recaptcha\/api.js?onload=wpcaptcha_captcha&render=6LclgGopAAAAAMBwUWDZQbi-TVi4fX-8iKRQWURN&ver=1.31' id='wpcaptcha-recaptcha-js'><\/script>\n\t\t\t\t\t<p class=\"form-row\">\n\t\t\t\t\t\t<label class=\"woocommerce-form__label woocommerce-form__label-for-checkbox woocommerce-form-login__rememberme\">\n\t\t\t\t\t\t\t<input class=\"woocommerce-form__input woocommerce-form__input-checkbox\" name=\"rememberme\" type=\"checkbox\" id=\"rememberme\" value=\"forever\" \/> <span>Recu\u00e9rdame<\/span>\n\t\t\t\t\t\t<\/label>\n\t\t\t\t\t\t<input type=\"hidden\" id=\"woocommerce-login-nonce\" name=\"woocommerce-login-nonce\" value=\"6fb3b7e33b\" \/><input type=\"hidden\" name=\"_wp_http_referer\" value=\"\/index.php?rest_route=%2Fwp%2Fv2%2Fpages%2F11\" \/>\t\t\t\t\t\t<button type=\"submit\" class=\"woocommerce-button button woocommerce-form-login__submit\" name=\"login\" value=\"Acceso\">Acceso<\/button>\n\t\t\t\t\t<\/p>\n\t\t\t\t\t<p class=\"woocommerce-LostPassword lost_password\">\n\t\t\t\t\t\t<a href=\"https:\/\/www.supermeni.es\/?page_id=11&#038;contrasena-perdida\">\u00bfOlvidaste la contrase\u00f1a?<\/a>\n\t\t\t\t\t<\/p>\n\n\t\t\t\t\t\n\t\t\t\t<\/form>\n\t\t\t<\/div>\n\n\t\t\t\n<\/div>\n\n<\/div>\n","protected":false},"excerpt":{"rendered":"","protected":false},"author":1,"featured_media":0,"parent":0,"menu_order":0,"comment_status":"closed","ping_status":"closed","template":"","meta":{"footnotes":""},"class_list":["post-11","page","type-page","status-publish","hentry"],"yoast_head":"<!-- This site is optimized with the Yoast SEO plugin v26.4 - https:\/\/yoast.com\/wordpress\/plugins\/seo\/ -->\n<title>Mi cuenta - Supermercado Meni Licorer\u00eda<\/title>\n<meta name=\"robots\" content=\"index, follow, max-snippet:-1, max-image-preview:large, max-video-preview:-1\" \/>\n<link rel=\"canonical\" href=\"https:\/\/www.supermeni.es\/?page_id=11\" \/>\n<meta property=\"og:locale\" content=\"es_ES\" \/>\n<meta property=\"og:type\" content=\"article\" \/>\n<meta property=\"og:title\" content=\"Mi cuenta - Supermercado Meni Licorer\u00eda\" \/>\n<meta property=\"og:url\" content=\"https:\/\/www.supermeni.es\/?page_id=11\" \/>\n<meta property=\"og:site_name\" content=\"Supermercado Meni Licorer\u00eda\" \/>\n<meta property=\"article:modified_time\" content=\"2023-05-30T08:02:30+00:00\" \/>\n<meta name=\"twitter:card\" content=\"summary_large_image\" \/>\n<script type=\"application\/ld+json\" class=\"yoast-schema-graph\">{\"@context\":\"https:\/\/schema.org\",\"@graph\":[{\"@type\":\"WebPage\",\"@id\":\"https:\/\/www.supermeni.es\/?page_id=11\",\"url\":\"https:\/\/www.supermeni.es\/?page_id=11\",\"name\":\"Mi cuenta - Supermercado Meni Licorer\u00eda\",\"isPartOf\":{\"@id\":\"https:\/\/www.supermeni.es\/#website\"},\"datePublished\":\"2023-05-30T07:38:48+00:00\",\"dateModified\":\"2023-05-30T08:02:30+00:00\",\"breadcrumb\":{\"@id\":\"https:\/\/www.supermeni.es\/?page_id=11#breadcrumb\"},\"inLanguage\":\"es\",\"potentialAction\":[{\"@type\":\"ReadAction\",\"target\":[\"https:\/\/www.supermeni.es\/?page_id=11\"]}]},{\"@type\":\"BreadcrumbList\",\"@id\":\"https:\/\/www.supermeni.es\/?page_id=11#breadcrumb\",\"itemListElement\":[{\"@type\":\"ListItem\",\"position\":1,\"name\":\"Portada\",\"item\":\"https:\/\/www.supermeni.es\/\"},{\"@type\":\"ListItem\",\"position\":2,\"name\":\"Mi cuenta\"}]},{\"@type\":\"WebSite\",\"@id\":\"https:\/\/www.supermeni.es\/#website\",\"url\":\"https:\/\/www.supermeni.es\/\",\"name\":\"Supermercado Meni Licorer\u00eda\",\"description\":\"Supermercado y licorer\u00eda con mas de 50 a\u00f1os de experiencia.\",\"publisher\":{\"@id\":\"https:\/\/www.supermeni.es\/#organization\"},\"potentialAction\":[{\"@type\":\"SearchAction\",\"target\":{\"@type\":\"EntryPoint\",\"urlTemplate\":\"https:\/\/www.supermeni.es\/?s={search_term_string}\"},\"query-input\":{\"@type\":\"PropertyValueSpecification\",\"valueRequired\":true,\"valueName\":\"search_term_string\"}}],\"inLanguage\":\"es\"},{\"@type\":\"Organization\",\"@id\":\"https:\/\/www.supermeni.es\/#organization\",\"name\":\"Supermercado Meni Licorer\u00eda\",\"url\":\"https:\/\/www.supermeni.es\/\",\"logo\":{\"@type\":\"ImageObject\",\"inLanguage\":\"es\",\"@id\":\"https:\/\/www.supermeni.es\/#\/schema\/logo\/image\/\",\"url\":\"https:\/\/www.supermeni.es\/wp-content\/uploads\/2023\/05\/LOGO.png\",\"contentUrl\":\"https:\/\/www.supermeni.es\/wp-content\/uploads\/2023\/05\/LOGO.png\",\"width\":710,\"height\":351,\"caption\":\"Supermercado Meni Licorer\u00eda\"},\"image\":{\"@id\":\"https:\/\/www.supermeni.es\/#\/schema\/logo\/image\/\"}}]}<\/script>\n<!-- \/ Yoast SEO plugin. -->","yoast_head_json":{"title":"Mi cuenta - Supermercado Meni Licorer\u00eda","robots":{"index":"index","follow":"follow","max-snippet":"max-snippet:-1","max-image-preview":"max-image-preview:large","max-video-preview":"max-video-preview:-1"},"canonical":"https:\/\/www.supermeni.es\/?page_id=11","og_locale":"es_ES","og_type":"article","og_title":"Mi cuenta - Supermercado Meni Licorer\u00eda","og_url":"https:\/\/www.supermeni.es\/?page_id=11","og_site_name":"Supermercado Meni Licorer\u00eda","article_modified_time":"2023-05-30T08:02:30+00:00","twitter_card":"summary_large_image","schema":{"@context":"https:\/\/schema.org","@graph":[{"@type":"WebPage","@id":"https:\/\/www.supermeni.es\/?page_id=11","url":"https:\/\/www.supermeni.es\/?page_id=11","name":"Mi cuenta - Supermercado Meni Licorer\u00eda","isPartOf":{"@id":"https:\/\/www.supermeni.es\/#website"},"datePublished":"2023-05-30T07:38:48+00:00","dateModified":"2023-05-30T08:02:30+00:00","breadcrumb":{"@id":"https:\/\/www.supermeni.es\/?page_id=11#breadcrumb"},"inLanguage":"es","potentialAction":[{"@type":"ReadAction","target":["https:\/\/www.supermeni.es\/?page_id=11"]}]},{"@type":"BreadcrumbList","@id":"https:\/\/www.supermeni.es\/?page_id=11#breadcrumb","itemListElement":[{"@type":"ListItem","position":1,"name":"Portada","item":"https:\/\/www.supermeni.es\/"},{"@type":"ListItem","position":2,"name":"Mi cuenta"}]},{"@type":"WebSite","@id":"https:\/\/www.supermeni.es\/#website","url":"https:\/\/www.supermeni.es\/","name":"Supermercado Meni Licorer\u00eda","description":"Supermercado y licorer\u00eda con mas de 50 a\u00f1os de experiencia.","publisher":{"@id":"https:\/\/www.supermeni.es\/#organization"},"potentialAction":[{"@type":"SearchAction","target":{"@type":"EntryPoint","urlTemplate":"https:\/\/www.supermeni.es\/?s={search_term_string}"},"query-input":{"@type":"PropertyValueSpecification","valueRequired":true,"valueName":"search_term_string"}}],"inLanguage":"es"},{"@type":"Organization","@id":"https:\/\/www.supermeni.es\/#organization","name":"Supermercado Meni Licorer\u00eda","url":"https:\/\/www.supermeni.es\/","logo":{"@type":"ImageObject","inLanguage":"es","@id":"https:\/\/www.supermeni.es\/#\/schema\/logo\/image\/","url":"https:\/\/www.supermeni.es\/wp-content\/uploads\/2023\/05\/LOGO.png","contentUrl":"https:\/\/www.supermeni.es\/wp-content\/uploads\/2023\/05\/LOGO.png","width":710,"height":351,"caption":"Supermercado Meni Licorer\u00eda"},"image":{"@id":"https:\/\/www.supermeni.es\/#\/schema\/logo\/image\/"}}]}},"_links":{"self":[{"href":"https:\/\/www.supermeni.es\/index.php?rest_route=\/wp\/v2\/pages\/11","targetHints":{"allow":["GET"]}}],"collection":[{"href":"https:\/\/www.supermeni.es\/index.php?rest_route=\/wp\/v2\/pages"}],"about":[{"href":"https:\/\/www.supermeni.es\/index.php?rest_route=\/wp\/v2\/types\/page"}],"author":[{"embeddable":true,"href":"https:\/\/www.supermeni.es\/index.php?rest_route=\/wp\/v2\/users\/1"}],"replies":[{"embeddable":true,"href":"https:\/\/www.supermeni.es\/index.php?rest_route=%2Fwp%2Fv2%2Fcomments&post=11"}],"version-history":[{"count":1,"href":"https:\/\/www.supermeni.es\/index.php?rest_route=\/wp\/v2\/pages\/11\/revisions"}],"predecessor-version":[{"id":20,"href":"https:\/\/www.supermeni.es\/index.php?rest_route=\/wp\/v2\/pages\/11\/revisions\/20"}],"wp:attachment":[{"href":"https:\/\/www.supermeni.es\/index.php?rest_route=%2Fwp%2Fv2%2Fmedia&parent=11"}],"curies":[{"name":"wp","href":"https:\/\/api.w.org\/{rel}","templated":true}]}}